{"id":732,"date":"2024-12-04T11:17:57","date_gmt":"2024-12-04T11:17:57","guid":{"rendered":"https:\/\/www.hotelelrantiner.com\/?page_id=732"},"modified":"2024-12-04T12:10:58","modified_gmt":"2024-12-04T12:10:58","slug":"politica-de-privacidad","status":"publish","type":"page","link":"https:\/\/www.hotelelrantiner.com\/ca\/politica-de-privacidad\/","title":{"rendered":"Pol\u00edtica de privacitat"},"content":{"rendered":"<div data-elementor-type=\"wp-page\" data-elementor-id=\"732\" class=\"elementor elementor-732\" data-elementor-post-type=\"page\">\n\t\t\t\t<div class=\"elementor-element elementor-element-55fe7ee e-flex e-con-boxed e-con e-parent\" data-id=\"55fe7ee\" data-element_type=\"container\" data-e-type=\"container\" data-settings=\"{&quot;background_background&quot;:&quot;classic&quot;}\">\n\t\t\t\t\t<div class=\"e-con-inner\">\n\t\t\t\t<div class=\"elementor-element elementor-element-13db137 elementor-invisible elementor-widget elementor-widget-heading\" data-id=\"13db137\" data-element_type=\"widget\" data-e-type=\"widget\" data-settings=\"{&quot;_animation&quot;:&quot;fadeInDown&quot;}\" data-widget_type=\"heading.default\">\n\t\t\t\t<div class=\"elementor-widget-container\">\n\t\t\t\t\t<h1 class=\"elementor-heading-title elementor-size-default\">POL\u00cdTICA DE PRIVACIDAD<\/h1>\t\t\t\t<\/div>\n\t\t\t\t<\/div>\n\t\t\t\t\t<\/div>\n\t\t\t\t<\/div>\n\t\t<div class=\"elementor-element elementor-element-86afe83 texto-legal e-flex e-con-boxed e-con e-parent\" data-id=\"86afe83\" data-element_type=\"container\" data-e-type=\"container\" data-settings=\"{&quot;background_background&quot;:&quot;classic&quot;}\">\n\t\t\t\t\t<div class=\"e-con-inner\">\n\t\t\t\t<div class=\"elementor-element elementor-element-671e205 elementor-widget__width-initial elementor-widget elementor-widget-text-editor\" data-id=\"671e205\" data-element_type=\"widget\" data-e-type=\"widget\" data-widget_type=\"text-editor.default\">\n\t\t\t\t<div class=\"elementor-widget-container\">\n\t\t\t\t\t\t\t\t\t\n\n\n\n<p>Respetando lo establecido en la legislaci\u00f3n vigente, Hotel El Rantiner (en adelante, tambi\u00e9n Sitio Web) se compromete a adoptar las medidas t\u00e9cnicas y organizativas necesarias, seg\u00fan el nivel de seguridad adecuado al riesgo de los datos recogidos.<\/p>\n\n<h2>Leyes que incorpora esta pol\u00edtica de privacidad<\/h4>\n<p>Esta pol\u00edtica de privacidad est\u00e1 adaptada a la normativa espa\u00f1ola y europea vigente en materia de protecci\u00f3n de datos personales en internet. En concreto, la misma respeta las siguientes normas:<\/p>\n<p>El Reglamento (UE) 2016\/679 del Parlamento Europeo y del Consejo, de 27 de abril de 2016, relativo a la protecci\u00f3n de las personas f\u00edsicas en lo que respecta al tratamiento de datos personales y a la libre circulaci\u00f3n de estos datos (RGPD).<\/p>\n<p>La Ley Org\u00e1nica 3\/2018, de 5 de diciembre, de Protecci\u00f3n de Datos Personales y garant\u00eda de los derechos digitales (LOPD-GDD).<\/p>\n<p>El Real Decreto 1720\/2007, de 21 de diciembre, por el que se aprueba el Reglamento de desarrollo de la Ley Org\u00e1nica 15\/1999, de 13 de diciembre, de Protecci\u00f3n de Datos de Car\u00e1cter Personal (RDLOPD).<\/p>\n<p>La Ley 34\/2002, de 11 de julio, de Servicios de la Sociedad de la Informaci\u00f3n y de Comercio Electr\u00f3nico (LSSI-CE).<\/p>\n\n<h2>Identidad del responsable del tratamiento de los datos personales<\/h4>\n<p>El responsable del tratamiento de los datos personales recogidos en Hotel El Rantiner es: La Basada, S.L., provista de NIF\/CIF: B25450586 e inscrito en: con los siguientes datos registrales: , cuyo representante es: (en adelante, Responsable del tratamiento). Sus datos de contacto son los siguientes:<\/p>\n<p>Direcci\u00f3n: C\/Tresta\u00fcll 5, 25528 Ta\u00fcll, Lleida Tel\u00e9fono de contacto: 973696184<\/p>\n<p>Email de contacto: <a href=\"mailto:info@hotelelrantiner.com\">info@hotelelrantiner.com<\/a><\/p>\n\n<h2>Registro de Datos de Car\u00e1cter Personal<\/h4>\n<p>En cumplimiento de lo establecido en el RGPD y la LOPD-GDD, le informamos que los datos personales recabados por Hotel El Rantiner, mediante los formularios extendidos en sus p\u00e1ginas quedar\u00e1n incorporados y ser\u00e1n tratados en nuestro fichero con el fin de poder facilitar, agilizar y cumplir los compromisos establecidos entre Hotel El Rantiner y el Usuario o el mantenimiento de la relaci\u00f3n que se establezca en los formularios que este rellene, o para atender una solicitud o consulta del mismo.<\/p>\t\t\t\t\t\t\t\t<\/div>\n\t\t\t\t<\/div>\n\t\t\t\t\t<\/div>\n\t\t\t\t<\/div>\n\t\t\t\t<\/div>","protected":false},"excerpt":{"rendered":"<p>POL\u00cdTICA DE PRIVACIDAD Respetando lo establecido en la legislaci\u00f3n vigente, Hotel El Rantiner (en adelante, tambi\u00e9n Sitio Web) se compromete a adoptar las medidas t\u00e9cnicas y organizativas necesarias, seg\u00fan el nivel de seguridad adecuado al riesgo de los datos recogidos. Leyes que incorpora esta pol\u00edtica de privacidad Esta pol\u00edtica de privacidad est\u00e1 adaptada a la [&hellip;]<\/p>\n","protected":false},"author":1,"featured_media":0,"parent":0,"menu_order":0,"comment_status":"closed","ping_status":"closed","template":"","meta":{"footnotes":""},"class_list":["post-732","page","type-page","status-publish","hentry"],"yoast_head":"<!-- This site is optimized with the Yoast SEO plugin v25.5 - https:\/\/yoast.com\/wordpress\/plugins\/seo\/ -->\n<title>Pol\u00edtica de privacidad - Hotel Rantiner<\/title>\n<meta name=\"robots\" content=\"index, follow, max-snippet:-1, max-image-preview:large, max-video-preview:-1\" \/>\n<link rel=\"canonical\" href=\"https:\/\/www.hotelelrantiner.com\/ca\/politica-de-privacidad\/\" \/>\n<meta property=\"og:locale\" content=\"ca_ES\" \/>\n<meta property=\"og:type\" content=\"article\" \/>\n<meta property=\"og:title\" content=\"Pol\u00edtica de privacidad - Hotel Rantiner\" \/>\n<meta property=\"og:description\" content=\"POL\u00cdTICA DE PRIVACIDAD Respetando lo establecido en la legislaci\u00f3n vigente, Hotel El Rantiner (en adelante, tambi\u00e9n Sitio Web) se compromete a adoptar las medidas t\u00e9cnicas y organizativas necesarias, seg\u00fan el nivel de seguridad adecuado al riesgo de los datos recogidos. Leyes que incorpora esta pol\u00edtica de privacidad Esta pol\u00edtica de privacidad est\u00e1 adaptada a la [&hellip;]\" \/>\n<meta property=\"og:url\" content=\"https:\/\/www.hotelelrantiner.com\/ca\/politica-de-privacidad\/\" \/>\n<meta property=\"og:site_name\" content=\"Hotel Rantiner\" \/>\n<meta property=\"article:modified_time\" content=\"2024-12-04T12:10:58+00:00\" \/>\n<meta name=\"twitter:card\" content=\"summary_large_image\" \/>\n<meta name=\"twitter:label1\" content=\"Temps estimat de lectura\" \/>\n\t<meta name=\"twitter:data1\" content=\"2 minuts\" \/>\n<script type=\"application\/ld+json\" class=\"yoast-schema-graph\">{\"@context\":\"https:\/\/schema.org\",\"@graph\":[{\"@type\":\"WebPage\",\"@id\":\"https:\/\/www.hotelelrantiner.com\/politica-de-privacidad\/\",\"url\":\"https:\/\/www.hotelelrantiner.com\/politica-de-privacidad\/\",\"name\":\"Pol\u00edtica de privacidad - Hotel Rantiner\",\"isPartOf\":{\"@id\":\"https:\/\/www.hotelelrantiner.com\/#website\"},\"datePublished\":\"2024-12-04T11:17:57+00:00\",\"dateModified\":\"2024-12-04T12:10:58+00:00\",\"breadcrumb\":{\"@id\":\"https:\/\/www.hotelelrantiner.com\/politica-de-privacidad\/#breadcrumb\"},\"inLanguage\":\"ca\",\"potentialAction\":[{\"@type\":\"ReadAction\",\"target\":[\"https:\/\/www.hotelelrantiner.com\/politica-de-privacidad\/\"]}]},{\"@type\":\"BreadcrumbList\",\"@id\":\"https:\/\/www.hotelelrantiner.com\/politica-de-privacidad\/#breadcrumb\",\"itemListElement\":[{\"@type\":\"ListItem\",\"position\":1,\"name\":\"Portada\",\"item\":\"https:\/\/www.hotelelrantiner.com\/\"},{\"@type\":\"ListItem\",\"position\":2,\"name\":\"Pol\u00edtica de privacidad\"}]},{\"@type\":\"WebSite\",\"@id\":\"https:\/\/www.hotelelrantiner.com\/#website\",\"url\":\"https:\/\/www.hotelelrantiner.com\/\",\"name\":\"Hotel Rantiner\",\"description\":\"\",\"publisher\":{\"@id\":\"https:\/\/www.hotelelrantiner.com\/#organization\"},\"potentialAction\":[{\"@type\":\"SearchAction\",\"target\":{\"@type\":\"EntryPoint\",\"urlTemplate\":\"https:\/\/www.hotelelrantiner.com\/?s={search_term_string}\"},\"query-input\":{\"@type\":\"PropertyValueSpecification\",\"valueRequired\":true,\"valueName\":\"search_term_string\"}}],\"inLanguage\":\"ca\"},{\"@type\":\"Organization\",\"@id\":\"https:\/\/www.hotelelrantiner.com\/#organization\",\"name\":\"Hotel Rantiner\",\"url\":\"https:\/\/www.hotelelrantiner.com\/\",\"logo\":{\"@type\":\"ImageObject\",\"inLanguage\":\"ca\",\"@id\":\"https:\/\/www.hotelelrantiner.com\/#\/schema\/logo\/image\/\",\"url\":\"https:\/\/www.hotelelrantiner.com\/wp-content\/uploads\/2025\/08\/cropped-LogoHotelRantiner.jpg\",\"contentUrl\":\"https:\/\/www.hotelelrantiner.com\/wp-content\/uploads\/2025\/08\/cropped-LogoHotelRantiner.jpg\",\"width\":778,\"height\":1219,\"caption\":\"Hotel Rantiner\"},\"image\":{\"@id\":\"https:\/\/www.hotelelrantiner.com\/#\/schema\/logo\/image\/\"}}]}<\/script>\n<!-- \/ Yoast SEO plugin. -->","yoast_head_json":{"title":"Pol\u00edtica de privacidad - Hotel Rantiner","robots":{"index":"index","follow":"follow","max-snippet":"max-snippet:-1","max-image-preview":"max-image-preview:large","max-video-preview":"max-video-preview:-1"},"canonical":"https:\/\/www.hotelelrantiner.com\/ca\/politica-de-privacidad\/","og_locale":"ca_ES","og_type":"article","og_title":"Pol\u00edtica de privacidad - Hotel Rantiner","og_description":"POL\u00cdTICA DE PRIVACIDAD Respetando lo establecido en la legislaci\u00f3n vigente, Hotel El Rantiner (en adelante, tambi\u00e9n Sitio Web) se compromete a adoptar las medidas t\u00e9cnicas y organizativas necesarias, seg\u00fan el nivel de seguridad adecuado al riesgo de los datos recogidos. Leyes que incorpora esta pol\u00edtica de privacidad Esta pol\u00edtica de privacidad est\u00e1 adaptada a la [&hellip;]","og_url":"https:\/\/www.hotelelrantiner.com\/ca\/politica-de-privacidad\/","og_site_name":"Hotel Rantiner","article_modified_time":"2024-12-04T12:10:58+00:00","twitter_card":"summary_large_image","twitter_misc":{"Temps estimat de lectura":"2 minuts"},"schema":{"@context":"https:\/\/schema.org","@graph":[{"@type":"WebPage","@id":"https:\/\/www.hotelelrantiner.com\/politica-de-privacidad\/","url":"https:\/\/www.hotelelrantiner.com\/politica-de-privacidad\/","name":"Pol\u00edtica de privacidad - Hotel Rantiner","isPartOf":{"@id":"https:\/\/www.hotelelrantiner.com\/#website"},"datePublished":"2024-12-04T11:17:57+00:00","dateModified":"2024-12-04T12:10:58+00:00","breadcrumb":{"@id":"https:\/\/www.hotelelrantiner.com\/politica-de-privacidad\/#breadcrumb"},"inLanguage":"ca","potentialAction":[{"@type":"ReadAction","target":["https:\/\/www.hotelelrantiner.com\/politica-de-privacidad\/"]}]},{"@type":"BreadcrumbList","@id":"https:\/\/www.hotelelrantiner.com\/politica-de-privacidad\/#breadcrumb","itemListElement":[{"@type":"ListItem","position":1,"name":"Portada","item":"https:\/\/www.hotelelrantiner.com\/"},{"@type":"ListItem","position":2,"name":"Pol\u00edtica de privacidad"}]},{"@type":"WebSite","@id":"https:\/\/www.hotelelrantiner.com\/#website","url":"https:\/\/www.hotelelrantiner.com\/","name":"Hotel Rantiner","description":"","publisher":{"@id":"https:\/\/www.hotelelrantiner.com\/#organization"},"potentialAction":[{"@type":"SearchAction","target":{"@type":"EntryPoint","urlTemplate":"https:\/\/www.hotelelrantiner.com\/?s={search_term_string}"},"query-input":{"@type":"PropertyValueSpecification","valueRequired":true,"valueName":"search_term_string"}}],"inLanguage":"ca"},{"@type":"Organization","@id":"https:\/\/www.hotelelrantiner.com\/#organization","name":"Hotel Rantiner","url":"https:\/\/www.hotelelrantiner.com\/","logo":{"@type":"ImageObject","inLanguage":"ca","@id":"https:\/\/www.hotelelrantiner.com\/#\/schema\/logo\/image\/","url":"https:\/\/www.hotelelrantiner.com\/wp-content\/uploads\/2025\/08\/cropped-LogoHotelRantiner.jpg","contentUrl":"https:\/\/www.hotelelrantiner.com\/wp-content\/uploads\/2025\/08\/cropped-LogoHotelRantiner.jpg","width":778,"height":1219,"caption":"Hotel Rantiner"},"image":{"@id":"https:\/\/www.hotelelrantiner.com\/#\/schema\/logo\/image\/"}}]}},"_links":{"self":[{"href":"https:\/\/www.hotelelrantiner.com\/ca\/wp-json\/wp\/v2\/pages\/732","targetHints":{"allow":["GET"]}}],"collection":[{"href":"https:\/\/www.hotelelrantiner.com\/ca\/wp-json\/wp\/v2\/pages"}],"about":[{"href":"https:\/\/www.hotelelrantiner.com\/ca\/wp-json\/wp\/v2\/types\/page"}],"author":[{"embeddable":true,"href":"https:\/\/www.hotelelrantiner.com\/ca\/wp-json\/wp\/v2\/users\/1"}],"replies":[{"embeddable":true,"href":"https:\/\/www.hotelelrantiner.com\/ca\/wp-json\/wp\/v2\/comments?post=732"}],"version-history":[{"count":7,"href":"https:\/\/www.hotelelrantiner.com\/ca\/wp-json\/wp\/v2\/pages\/732\/revisions"}],"predecessor-version":[{"id":765,"href":"https:\/\/www.hotelelrantiner.com\/ca\/wp-json\/wp\/v2\/pages\/732\/revisions\/765"}],"wp:attachment":[{"href":"https:\/\/www.hotelelrantiner.com\/ca\/wp-json\/wp\/v2\/media?parent=732"}],"curies":[{"name":"wp","href":"https:\/\/api.w.org\/{rel}","templated":true}]}}